{"id":436,"date":"2017-05-24T19:39:28","date_gmt":"2017-05-24T19:39:28","guid":{"rendered":"https:\/\/victorthemes.com\/themes\/rodich\/?page_id=436"},"modified":"2024-12-15T03:25:39","modified_gmt":"2024-12-15T02:25:39","slug":"reservation-form","status":"publish","type":"page","link":"https:\/\/latourdumaroc.com\/index.php\/reservation-form\/","title":{"rendered":"R\u00e9servation"},"content":{"rendered":"<div class=\"wpb-content-wrapper\"><p>[vc_row overlay_dotted=\u00a0\u00bb\u00a0\u00bb css=\u00a0\u00bb.vc_custom_1498110161192{padding-top: 30px !important;background-position: 0 0 !important;background-repeat: no-repeat !important;}\u00a0\u00bb][vc_column text_alignment=\u00a0\u00bbtext-center\u00a0\u00bb][vc_row_inner][vc_column_inner width=\u00a0\u00bb1\/2&Prime; css=\u00a0\u00bb.vc_custom_1498110099890{margin-top: 70px !important;}\u00a0\u00bb]<h2 class=\"roch-headlin-primary roch-oswaldr-fontS roch-sec-hedg-horizontal-shap no-margin  roch-headlin-primary-69e1dce919bd6 \">R\u00e9server votre table en ligne est facile<\/h2>[vc_column_text]Utilisez notre syst\u00e8me de r\u00e9servation en ligne pour r\u00e9server une table instantan\u00e9ment ![\/vc_column_text][vc_empty_space height=\u00a0\u00bb30px\u00a0\u00bb]<div class=\"roch-stylest-contact-form rodich-contact-69e1dce919bed\">\n<div class=\"wpcf7 no-js\" id=\"wpcf7-f447-o1\" lang=\"en-US\" dir=\"ltr\">\n<div class=\"screen-reader-response\"><p role=\"status\" aria-live=\"polite\" aria-atomic=\"true\"><\/p> <ul><\/ul><\/div>\n<form action=\"\/index.php\/wp-json\/wp\/v2\/pages\/436#wpcf7-f447-o1\" method=\"post\" class=\"wpcf7-form init\" aria-label=\"Contact form\" novalidate=\"novalidate\" data-status=\"init\">\n<div style=\"display: none;\">\n<input type=\"hidden\" name=\"_wpcf7\" value=\"447\" \/>\n<input type=\"hidden\" name=\"_wpcf7_version\" value=\"5.8.5\" \/>\n<input type=\"hidden\" name=\"_wpcf7_locale\" value=\"en_US\" \/>\n<input type=\"hidden\" name=\"_wpcf7_unit_tag\" value=\"wpcf7-f447-o1\" \/>\n<input type=\"hidden\" name=\"_wpcf7_container_post\" value=\"0\" \/>\n<input type=\"hidden\" name=\"_wpcf7_posted_data_hash\" value=\"\" \/>\n<\/div>\n<div class=\"row roch-classic-reser-from-row\">\n\t<div class=\"col-sm-6 roch-onl-res-fo-single\">\n\t\t<div class=\"input-group\">\n\t\t\t<p><span class=\"wpcf7-form-control-wrap\" data-name=\"your-name\"><input size=\"40\" class=\"wpcf7-form-control wpcf7-text wpcf7-validates-as-required form-control\" aria-required=\"true\" aria-invalid=\"false\" placeholder=\"Nom*\" value=\"\" type=\"text\" name=\"your-name\" \/><\/span>\n\t\t\t<\/p>\n\t\t<\/div>\n\t<\/div>\n\t<div class=\"col-sm-6 roch-onl-res-fo-single\">\n\t\t<div class=\"input-group\">\n\t\t\t<p><span class=\"wpcf7-form-control-wrap\" data-name=\"your-email\"><input size=\"40\" class=\"wpcf7-form-control wpcf7-email wpcf7-validates-as-required wpcf7-text wpcf7-validates-as-email form-control\" aria-required=\"true\" aria-invalid=\"false\" placeholder=\"Email*\" value=\"\" type=\"email\" name=\"your-email\" \/><\/span>\n\t\t\t<\/p>\n\t\t<\/div>\n\t<\/div>\n<\/div>\n<div class=\"row roch-classic-reser-from-row\">\n\t<div class=\"col-sm-6 roch-onl-res-fo-single\">\n\t\t<div class=\"input-group\">\n\t\t\t<p><span class=\"wpcf7-form-control-wrap\" data-name=\"your-phone\"><input size=\"40\" class=\"wpcf7-form-control wpcf7-tel wpcf7-validates-as-required wpcf7-text wpcf7-validates-as-tel form-control\" aria-required=\"true\" aria-invalid=\"false\" placeholder=\"T\u00e9l\u00e9phone*\" value=\"\" type=\"tel\" name=\"your-phone\" \/><\/span>\n\t\t\t<\/p>\n\t\t<\/div>\n\t<\/div>\n\t<div class=\"col-sm-6 roch-onl-res-fo-single\">\n\t\t<div class=\"input-group\">\n\t\t\t<p><span class=\"wpcf7-form-control-wrap\" data-name=\"your-time\"><span class=\"wpcf7-form-control wpcf7-radio\"><span class=\"wpcf7-list-item first\"><span class=\"wpcf7-list-item-label\">D\u00e9jeuner<\/span><input type=\"radio\" name=\"your-time\" value=\"D\u00e9jeuner\" checked=\"checked\" \/><\/span><span class=\"wpcf7-list-item last\"><span class=\"wpcf7-list-item-label\">D\u00eener<\/span><input type=\"radio\" name=\"your-time\" value=\"D\u00eener\" \/><\/span><\/span><\/span>\n\t\t\t<\/p>\n\t\t<\/div>\n\t<\/div>\n<\/div>\n<div class=\"row roch-classic-reser-from-row\">\n\t<div class=\"col-sm-6 roch-onl-res-fo-single\">\n\t\t<div class=\"input-group\">\n\t\t\t<p><span class=\"wpcf7-form-control-wrap\" data-name=\"your-date\"><input size=\"40\" class=\"wpcf7-form-control wpcf7-text wpcf7-validates-as-required form-control datepicker_fil\" aria-required=\"true\" aria-invalid=\"false\" placeholder=\"Date (DD\/MM\/YYYY)*\" value=\"\" type=\"text\" name=\"your-date\" \/><\/span>\n\t\t\t<\/p>\n\t\t<\/div>\n\t<\/div>\n\t<div class=\"col-sm-6 roch-onl-res-fo-single\">\n\t\t<div class=\"input-group\">\n\t\t\t<p><span class=\"wpcf7-form-control-wrap\" data-name=\"your-persons\"><input size=\"40\" class=\"wpcf7-form-control wpcf7-text wpcf7-validates-as-required form-control\" aria-required=\"true\" aria-invalid=\"false\" placeholder=\"Combien de personnes?*\" value=\"\" type=\"text\" name=\"your-persons\" \/><\/span>\n\t\t\t<\/p>\n\t\t<\/div>\n\t<\/div>\n<\/div>\n<div class=\"row roch-classic-reser-from-row\">\n\t<div class=\"col-sm-12 roch-onl-res-fo-single\">\n\t\t<div class=\"input-group\">\n\t\t\t<p><span class=\"wpcf7-form-control-wrap\" data-name=\"your-note\"><textarea cols=\"40\" rows=\"10\" class=\"wpcf7-form-control wpcf7-textarea roch-textarea form-control\" aria-invalid=\"false\" placeholder=\"notes suppl\u00e9mentaires?\" name=\"your-note\"><\/textarea><\/span>\n\t\t\t<\/p>\n\t\t<\/div>\n\t<\/div>\n<\/div>\n<p><input class=\"wpcf7-form-control wpcf7-submit has-spinner roch-btn\" type=\"submit\" value=\"R\u00e9server\" \/>\n<\/p><div class=\"wpcf7-response-output\" aria-hidden=\"true\"><\/div>\n<\/form>\n<\/div>\n<\/div>[\/vc_column_inner][vc_column_inner el_class=\u00a0\u00bbtext-center\u00a0\u00bb width=\u00a0\u00bb1\/2&Prime;][vc_empty_space height=\u00a0\u00bb30px\u00a0\u00bb][vc_single_image image=\u00a0\u00bb1231&Prime; img_size=\u00a0\u00bblarge\u00a0\u00bb alignment=\u00a0\u00bbright\u00a0\u00bb css=\u00a0\u00bb.vc_custom_1704542859870{margin-bottom: 0px !important;}\u00a0\u00bb][\/vc_column_inner][\/vc_row_inner][\/vc_column][\/vc_row][vc_row overlay_dotted=\u00a0\u00bb\u00a0\u00bb css=\u00a0\u00bb.vc_custom_1495655919818{padding-top: 80px !important;}\u00a0\u00bb][vc_column width=\u00a0\u00bb1\/3&Prime; text_alignment=\u00a0\u00bbtext-center\u00a0\u00bb css=\u00a0\u00bb.vc_custom_1495656278586{padding-right: 30px !important;padding-bottom: 80px !important;padding-left: 30px !important;}\u00a0\u00bb]  <!--  single  special dishes start\\-->\r\n  <div class=\"roch-info-box  roch-info-box-69e1dce91b705\">\r\n    <div class=\"roch-custom-col\">\r\n      <div class=\"text-center roch-hom-para-special-dishe-single\">\r\n                <!--  icon start\\-->\r\n        <div class=\"roch-hom-para-spec-dishe-icon\">\r\n          <img decoding=\"async\" src=\"https:\/\/latourdumaroc.com\/wp-content\/uploads\/2024\/01\/2947981-1.png\" alt=\"\"><!--\/ end-->\r\n        <\/div><!--\/end-->\r\n\r\n        <!-- text start\\-->\r\n        <div class=\"roch-hom-para-spec-dishe-text\">\r\n          <h4 class=\"text-uppercase roch-hom-para-spec-dishe-title\">R\u00c9SERVATION PAR T\u00c9L\u00c9PHONE<\/h4>\r\n          <p>Nous prenons les r\u00e9servations pour le d\u00e9jeuner et le d\u00eener. Pour r\u00e9server une table, merci de nous appeler entre 11h30-15h et entre 18h30 et 23h, du mardi au dimanche.<\/p>\r\n        <\/div><!--\/end-->\r\n\r\n      <\/div>\r\n    <\/div><!--\/end-->\r\n  <\/div><!--\/end-->\r\n\r\n  [vc_empty_space height=\u00a0\u00bb15px\u00a0\u00bb][vc_column_text]<span class=\" roch-phone-69e1dce91bd09\"><a href=\"tel:0955830330\">09 55 83 03 30<\/a><\/span>[\/vc_column_text][\/vc_column][vc_column width=\u00a0\u00bb1\/3&Prime; text_alignment=\u00a0\u00bbtext-center\u00a0\u00bb css=\u00a0\u00bb.vc_custom_1495719055822{padding-right: 30px !important;padding-bottom: 80px !important;padding-left: 30px !important;}\u00a0\u00bb]  <!--  single  special dishes start\\-->\r\n  <div class=\"roch-info-box  roch-info-box-69e1dce91bd1f\">\r\n    <div class=\"roch-custom-col\">\r\n      <div class=\"text-center roch-hom-para-special-dishe-single\">\r\n                <!--  icon start\\-->\r\n        <div class=\"roch-hom-para-spec-dishe-icon\">\r\n          <img decoding=\"async\" src=\"https:\/\/latourdumaroc.com\/wp-content\/uploads\/2024\/01\/64988-1.png\" alt=\"\"><!--\/ end-->\r\n        <\/div><!--\/end-->\r\n\r\n        <!-- text start\\-->\r\n        <div class=\"roch-hom-para-spec-dishe-text\">\r\n          <h4 class=\"text-uppercase roch-hom-para-spec-dishe-title\">PRIVATE EVENTS<\/h4>\r\n          <p>Souhaitez-vous r\u00e9server l'int\u00e9gralit\u00e9 de notre \u00e9tablissement pour un \u00e9v\u00e9nement sp\u00e9cial ? Il vous suffit d'appeler ou d'envoyer un SMS avec tous les d\u00e9tails, et nous vous r\u00e9pondrons avec un devis<\/p>\r\n        <\/div><!--\/end-->\r\n\r\n      <\/div>\r\n    <\/div><!--\/end-->\r\n  <\/div><!--\/end-->\r\n\r\n  [vc_empty_space height=\u00a0\u00bb15px\u00a0\u00bb][vc_column_text]<span class=\" roch-phone-69e1dce91c165\"><a href=\"tel:0781746439\">07 81 74 64 39<\/a><\/span>[\/vc_column_text][\/vc_column][vc_column width=\u00a0\u00bb1\/3&Prime; text_alignment=\u00a0\u00bbtext-center\u00a0\u00bb css=\u00a0\u00bb.vc_custom_1495719065439{padding-right: 30px !important;padding-bottom: 80px !important;padding-left: 30px !important;}\u00a0\u00bb]  <!--  single  special dishes start\\-->\r\n  <div class=\"roch-info-box  roch-info-box-69e1dce91c18e\">\r\n    <div class=\"roch-custom-col\">\r\n      <div class=\"text-center roch-hom-para-special-dishe-single\">\r\n                <!--  icon start\\-->\r\n        <div class=\"roch-hom-para-spec-dishe-icon\">\r\n          <img decoding=\"async\" src=\"https:\/\/latourdumaroc.com\/wp-content\/uploads\/2024\/01\/map_marker_outline_icon_139392-1.png\" alt=\"\"><!--\/ end-->\r\n        <\/div><!--\/end-->\r\n\r\n        <!-- text start\\-->\r\n        <div class=\"roch-hom-para-spec-dishe-text\">\r\n          <h4 class=\"text-uppercase roch-hom-para-spec-dishe-title\">TROUVEZ NOUS<\/h4>\r\n          <p>LA TOUR DU MAROC<br \/>\n42 Rue Edmond Bont\u00e9, 91130 Ris-Orangis<\/p>\r\n        <\/div><!--\/end-->\r\n\r\n      <\/div>\r\n    <\/div><!--\/end-->\r\n  <\/div><!--\/end-->\r\n\r\n  [vc_empty_space height=\u00a0\u00bb15px\u00a0\u00bb][vc_column_text]<a class=\"roch-read-more-underline  roch-read-more-underline-69e1dce91c662 \" >Carte directionnelle<\/a>[\/vc_column_text][\/vc_column][\/vc_row]<\/p>\n<\/div>","protected":false},"excerpt":{"rendered":"[vc_row overlay_dotted=\u00a0\u00bb\u00a0\u00bb css=\u00a0\u00bb.vc_custom_1498110161192{padding-top: 30px !important;background-position: 0 0 !important;background-repeat: no-repeat !important;}\u00a0\u00bb][vc_column text_alignment=\u00a0\u00bbtext-center\u00a0\u00bb][vc_row_inner][vc_column_inner width=\u00a0\u00bb1\/2&Prime; css=\u00a0\u00bb.vc_custom_1498110099890{margin-top: 70px !important;}\u00a0\u00bb][vc_column_text]Utilisez notre syst\u00e8me de r\u00e9servation en ligne pour r\u00e9server une table instantan\u00e9ment ![\/vc_column_text][vc_empty_space height=\u00a0\u00bb30px\u00a0\u00bb][\/vc_column_inner][vc_column_inner el_class=\u00a0\u00bbtext-center\u00a0\u00bb width=\u00a0\u00bb1\/2&Prime;][vc_empty_space height=\u00a0\u00bb30px\u00a0\u00bb][vc_single_image image=\u00a0\u00bb1231&Prime; img_size=\u00a0\u00bblarge\u00a0\u00bb alignment=\u00a0\u00bbright\u00a0\u00bb css=\u00a0\u00bb.vc_custom_1704542859870{margin-bottom: 0px !important;}\u00a0\u00bb][\/vc_column_inner][\/vc_row_inner][\/vc_column][\/vc_row][vc_row overlay_dotted=\u00a0\u00bb\u00a0\u00bb css=\u00a0\u00bb.vc_custom_1495655919818{padding-top: 80px !important;}\u00a0\u00bb][vc_column width=\u00a0\u00bb1\/3&Prime; text_alignment=\u00a0\u00bbtext-center\u00a0\u00bb css=\u00a0\u00bb.vc_custom_1495656278586{padding-right: 30px !important;padding-bottom: 80px !important;padding-left: 30px !important;}\u00a0\u00bb][vc_empty_space height=\u00a0\u00bb15px\u00a0\u00bb][vc_column_text][\/vc_column_text][\/vc_column][vc_column width=\u00a0\u00bb1\/3&Prime; text_alignment=\u00a0\u00bbtext-center\u00a0\u00bb css=\u00a0\u00bb.vc_custom_1495719055822{padding-right: 30px[&#8230;]","protected":false},"author":1,"featured_media":0,"parent":0,"menu_order":0,"comment_status":"closed","ping_status":"closed","template":"","meta":{"om_disable_all_campaigns":false,"_monsterinsights_skip_tracking":false,"_monsterinsights_sitenote_active":false,"_monsterinsights_sitenote_note":"","_monsterinsights_sitenote_category":0,"_uf_show_specific_survey":0,"_uf_disable_surveys":false,"footnotes":""},"class_list":["post-436","page","type-page","status-publish","hentry"],"aioseo_notices":[],"_links":{"self":[{"href":"https:\/\/latourdumaroc.com\/index.php\/wp-json\/wp\/v2\/pages\/436","targetHints":{"allow":["GET"]}}],"collection":[{"href":"https:\/\/latourdumaroc.com\/index.php\/wp-json\/wp\/v2\/pages"}],"about":[{"href":"https:\/\/latourdumaroc.com\/index.php\/wp-json\/wp\/v2\/types\/page"}],"author":[{"embeddable":true,"href":"https:\/\/latourdumaroc.com\/index.php\/wp-json\/wp\/v2\/users\/1"}],"replies":[{"embeddable":true,"href":"https:\/\/latourdumaroc.com\/index.php\/wp-json\/wp\/v2\/comments?post=436"}],"version-history":[{"count":20,"href":"https:\/\/latourdumaroc.com\/index.php\/wp-json\/wp\/v2\/pages\/436\/revisions"}],"predecessor-version":[{"id":1477,"href":"https:\/\/latourdumaroc.com\/index.php\/wp-json\/wp\/v2\/pages\/436\/revisions\/1477"}],"wp:attachment":[{"href":"https:\/\/latourdumaroc.com\/index.php\/wp-json\/wp\/v2\/media?parent=436"}],"curies":[{"name":"wp","href":"https:\/\/api.w.org\/{rel}","templated":true}]}}